{"id":5947,"date":"2022-03-04T09:50:44","date_gmt":"2022-03-04T09:50:44","guid":{"rendered":"https:\/\/www.proturroquetashotelspa.com\/politique-en-matiere-de-cookies\/"},"modified":"2022-05-31T14:47:47","modified_gmt":"2022-05-31T14:47:47","slug":"politique-en-matiere-de-cookies","status":"publish","type":"page","link":"https:\/\/www.proturroquetashotelspa.com\/fr\/politique-en-matiere-de-cookies\/","title":{"rendered":"Politique en mati\u00e8re de cookies"},"content":{"rendered":"\t\t<div data-elementor-type=\"wp-page\" data-elementor-id=\"5947\" class=\"elementor elementor-5947 elementor-911\" data-elementor-post-type=\"page\">\n\t\t\t\t\t\t<section class=\"elementor-section elementor-top-section elementor-element elementor-element-be17ba7 elementor-section-boxed elementor-section-height-default elementor-section-height-default\" data-id=\"be17ba7\" data-element_type=\"section\" data-settings=\"{&quot;background_background&quot;:&quot;classic&quot;}\">\n\t\t\t\t\t\t\t<div class=\"elementor-background-overlay\"><\/div>\n\t\t\t\t\t\t\t<div class=\"elementor-container elementor-column-gap-default\">\n\t\t\t\t\t<div class=\"elementor-column elementor-col-100 elementor-top-column elementor-element elementor-element-4ee5b36\" data-id=\"4ee5b36\" data-element_type=\"column\">\n\t\t\t<div class=\"elementor-widget-wrap elementor-element-populated\">\n\t\t\t\t\t\t<div class=\"elementor-element elementor-element-b707b08 elementor-widget elementor-widget-heading\" data-id=\"b707b08\" data-element_type=\"widget\" data-widget_type=\"heading.default\">\n\t\t\t\t<div class=\"elementor-widget-container\">\n\t\t\t\t\t<h1 class=\"elementor-heading-title elementor-size-default\">\n                    Politique en mati\u00e8re de cookies\n                <\/h1>\t\t\t\t<\/div>\n\t\t\t\t<\/div>\n\t\t\t\t\t<\/div>\n\t\t<\/div>\n\t\t\t\t\t<\/div>\n\t\t<\/section>\n\t\t\t\t<section class=\"elementor-section elementor-top-section elementor-element elementor-element-fb93083 elementor-section-boxed elementor-section-height-default elementor-section-height-default\" data-id=\"fb93083\" data-element_type=\"section\" data-settings=\"{&quot;background_background&quot;:&quot;classic&quot;}\">\n\t\t\t\t\t\t<div class=\"elementor-container elementor-column-gap-default\">\n\t\t\t\t\t<div class=\"elementor-column elementor-col-100 elementor-top-column elementor-element elementor-element-cddded4\" data-id=\"cddded4\" data-element_type=\"column\">\n\t\t\t<div class=\"elementor-widget-wrap elementor-element-populated\">\n\t\t\t\t\t\t<div class=\"elementor-element elementor-element-f08fd79 elementor-widget elementor-widget-heading\" data-id=\"f08fd79\" data-element_type=\"widget\" data-widget_type=\"heading.default\">\n\t\t\t\t<div class=\"elementor-widget-container\">\n\t\t\t\t\t<h2 class=\"elementor-heading-title elementor-size-default\">\n                    Informations sur les cookies\n                <\/h2>\t\t\t\t<\/div>\n\t\t\t\t<\/div>\n\t\t\t\t<div class=\"elementor-element elementor-element-ea597f8 elementor-widget elementor-widget-text-editor\" data-id=\"ea597f8\" data-element_type=\"widget\" data-widget_type=\"text-editor.default\">\n\t\t\t\t<div class=\"elementor-widget-container\">\n\t\t\t\t\t\t\t\t\t\n                    <p>Cette Politique en mati\u00e8re de cookies explique ce que sont les cookies et de quelle mani\u00e8re nous les utilisons. Vous devez lire cette politique pour comprendre ce que sont les cookies, la mani\u00e8re dont nous les utilisons, les types de cookies que nous utilisons, les informations que nous recueillons \u00e0 travers des cookies et de quelle mani\u00e8re ces informations sont utilis\u00e9es et comment contr\u00f4ler les pr\u00e9f\u00e9rences en mati\u00e8re de cookies. Pour en savoir plus sur la mani\u00e8re dont nous utilisons, stockons et s\u00e9curisons vos donn\u00e9es personnelles, consultez notre Politique de confidentialit\u00e9.<\/p>\n                \t\t\t\t\t\t\t\t<\/div>\n\t\t\t\t<\/div>\n\t\t\t\t<div class=\"elementor-element elementor-element-c104058 elementor-widget elementor-widget-text-editor\" data-id=\"c104058\" data-element_type=\"widget\" data-widget_type=\"text-editor.default\">\n\t\t\t\t<div class=\"elementor-widget-container\">\n\t\t\t\t\t\t\t\t\t\n                    <p>Votre consentement s&#8217;applique aux domaines suivantes\u00a0: www.proturroquetashotelspa.com<\/p>\n                \t\t\t\t\t\t\t\t<\/div>\n\t\t\t\t<\/div>\n\t\t\t\t<div class=\"elementor-element elementor-element-80a9fa5 elementor-widget elementor-widget-text-editor\" data-id=\"80a9fa5\" data-element_type=\"widget\" data-widget_type=\"text-editor.default\">\n\t\t\t\t<div class=\"elementor-widget-container\">\n\t\t\t\t\t\t\t\t\t\n                    [user_consent_state]\n                \t\t\t\t\t\t\t\t<\/div>\n\t\t\t\t<\/div>\n\t\t\t\t\t<\/div>\n\t\t<\/div>\n\t\t\t\t\t<\/div>\n\t\t<\/section>\n\t\t\t\t<section class=\"elementor-section elementor-top-section elementor-element elementor-element-bc4fec2 elementor-section-boxed elementor-section-height-default elementor-section-height-default\" data-id=\"bc4fec2\" data-element_type=\"section\" data-settings=\"{&quot;background_background&quot;:&quot;classic&quot;}\">\n\t\t\t\t\t\t<div class=\"elementor-container elementor-column-gap-default\">\n\t\t\t\t\t<div class=\"elementor-column elementor-col-100 elementor-top-column elementor-element elementor-element-cc93601\" data-id=\"cc93601\" data-element_type=\"column\">\n\t\t\t<div class=\"elementor-widget-wrap elementor-element-populated\">\n\t\t\t\t\t\t<div class=\"elementor-element elementor-element-1ba8b45 elementor-widget elementor-widget-heading\" data-id=\"1ba8b45\" data-element_type=\"widget\" data-widget_type=\"heading.default\">\n\t\t\t\t<div class=\"elementor-widget-container\">\n\t\t\t\t\t<h2 class=\"elementor-heading-title elementor-size-default\">\n                    Que sont les cookies\u00a0?\n                <\/h2>\t\t\t\t<\/div>\n\t\t\t\t<\/div>\n\t\t\t\t<div class=\"elementor-element elementor-element-3cb68f1 elementor-widget elementor-widget-text-editor\" data-id=\"3cb68f1\" data-element_type=\"widget\" data-widget_type=\"text-editor.default\">\n\t\t\t\t<div class=\"elementor-widget-container\">\n\t\t\t\t\t\t\t\t\t\n                    Les cookies sont de petits fichiers de texte qui sont utilis\u00e9s pour stocker de petits \u00e9l\u00e9ments d&#8217;information. Les cookies sont stock\u00e9s dans votre appareil lorsque le site Web est charg\u00e9 dans votre navigateur. Ces cookies nous permettent d&#8217;assurer le bon fonctionnement du site Web, de renforcer la s\u00e9curit\u00e9 du site Web, d&#8217;offrir une meilleure exp\u00e9rience utilisateur et de comprendre comment fonctionne le site Web, et d&#8217;analyser ce qui fonctionne et ce qui doit \u00eatre am\u00e9lior\u00e9.\n                \t\t\t\t\t\t\t\t<\/div>\n\t\t\t\t<\/div>\n\t\t\t\t\t<\/div>\n\t\t<\/div>\n\t\t\t\t\t<\/div>\n\t\t<\/section>\n\t\t\t\t<section class=\"elementor-section elementor-top-section elementor-element elementor-element-61d32e1 elementor-section-boxed elementor-section-height-default elementor-section-height-default\" data-id=\"61d32e1\" data-element_type=\"section\" data-settings=\"{&quot;background_background&quot;:&quot;classic&quot;}\">\n\t\t\t\t\t\t<div class=\"elementor-container elementor-column-gap-default\">\n\t\t\t\t\t<div class=\"elementor-column elementor-col-100 elementor-top-column elementor-element elementor-element-c166f06\" data-id=\"c166f06\" data-element_type=\"column\">\n\t\t\t<div class=\"elementor-widget-wrap elementor-element-populated\">\n\t\t\t\t\t\t<div class=\"elementor-element elementor-element-52b75d5 elementor-widget elementor-widget-heading\" data-id=\"52b75d5\" data-element_type=\"widget\" data-widget_type=\"heading.default\">\n\t\t\t\t<div class=\"elementor-widget-container\">\n\t\t\t\t\t<h2 class=\"elementor-heading-title elementor-size-default\">\n                    De quelle mani\u00e8re utilisons-nous les cookies\u00a0?\n                <\/h2>\t\t\t\t<\/div>\n\t\t\t\t<\/div>\n\t\t\t\t<div class=\"elementor-element elementor-element-d76eeed elementor-widget elementor-widget-text-editor\" data-id=\"d76eeed\" data-element_type=\"widget\" data-widget_type=\"text-editor.default\">\n\t\t\t\t<div class=\"elementor-widget-container\">\n\t\t\t\t\t\t\t\t\t\n                    Comme la plupart des services en ligne, notre site Web utilise ses propres cookies et des cookies de tiers \u00e0 plusieurs fins. Les cookies d&#8217;origine sont principalement n\u00e9cessaires pour assurer le bon fonctionnement du site Web et ne recueillent aucune de vos donn\u00e9es d&#8217;identification personnelle.\n                \t\t\t\t\t\t\t\t<\/div>\n\t\t\t\t<\/div>\n\t\t\t\t<div class=\"elementor-element elementor-element-cb21152 elementor-widget elementor-widget-text-editor\" data-id=\"cb21152\" data-element_type=\"widget\" data-widget_type=\"text-editor.default\">\n\t\t\t\t<div class=\"elementor-widget-container\">\n\t\t\t\t\t\t\t\t\t\n                    Les cookies de tiers utilis\u00e9s sur nos sites Web sont utilis\u00e9s principalement pour comprendre comment fonctionne le site Web, comment vous utilisez notre site Web, assurer la s\u00e9curit\u00e9 de nos services, afficher des publicit\u00e9s pertinentes pour vous et, en g\u00e9n\u00e9ral, offrir une meilleure exp\u00e9rience utilisateur et aider \u00e0 acc\u00e9l\u00e9rer vos interactions futures avec notre site Web.\n                \t\t\t\t\t\t\t\t<\/div>\n\t\t\t\t<\/div>\n\t\t\t\t\t<\/div>\n\t\t<\/div>\n\t\t\t\t\t<\/div>\n\t\t<\/section>\n\t\t\t\t<section class=\"elementor-section elementor-top-section elementor-element elementor-element-2617921 elementor-section-boxed elementor-section-height-default elementor-section-height-default\" data-id=\"2617921\" data-element_type=\"section\" data-settings=\"{&quot;background_background&quot;:&quot;classic&quot;}\">\n\t\t\t\t\t\t<div class=\"elementor-container elementor-column-gap-default\">\n\t\t\t\t\t<div class=\"elementor-column elementor-col-100 elementor-top-column elementor-element elementor-element-f15dce5\" data-id=\"f15dce5\" data-element_type=\"column\">\n\t\t\t<div class=\"elementor-widget-wrap elementor-element-populated\">\n\t\t\t\t\t\t<div class=\"elementor-element elementor-element-9ae0cb0 elementor-widget elementor-widget-heading\" data-id=\"9ae0cb0\" data-element_type=\"widget\" data-widget_type=\"heading.default\">\n\t\t\t\t<div class=\"elementor-widget-container\">\n\t\t\t\t\t<h2 class=\"elementor-heading-title elementor-size-default\">\n                    Quels types de cookies utilisons-nous ?\n                <\/h2>\t\t\t\t<\/div>\n\t\t\t\t<\/div>\n\t\t\t\t<div class=\"elementor-element elementor-element-dcbf89b elementor-widget elementor-widget-text-editor\" data-id=\"dcbf89b\" data-element_type=\"widget\" data-widget_type=\"text-editor.default\">\n\t\t\t\t<div class=\"elementor-widget-container\">\n\t\t\t\t\t\t\t\t\t\n                    Les cookies utilis\u00e9s sur notre site Web rentrent dans les cat\u00e9gories suivantes.\n                \t\t\t\t\t\t\t\t<\/div>\n\t\t\t\t<\/div>\n\t\t\t\t<div class=\"elementor-element elementor-element-c5c9587 elementor-widget elementor-widget-text-editor\" data-id=\"c5c9587\" data-element_type=\"widget\" data-widget_type=\"text-editor.default\">\n\t\t\t\t<div class=\"elementor-widget-container\">\n\t\t\t\t\t\t\t\t\t\n                    [cookie_category]\n                \t\t\t\t\t\t\t\t<\/div>\n\t\t\t\t<\/div>\n\t\t\t\t<div class=\"elementor-element elementor-element-9215e4e elementor-widget elementor-widget-text-editor\" data-id=\"9215e4e\" data-element_type=\"widget\" data-widget_type=\"text-editor.default\">\n\t\t\t\t<div class=\"elementor-widget-container\">\n\t\t\t\t\t\t\t\t\t\n                    La liste suivante d\u00e9taille les cookies utilis\u00e9s sur notre site Web.\n                \t\t\t\t\t\t\t\t<\/div>\n\t\t\t\t<\/div>\n\t\t\t\t<div class=\"elementor-element elementor-element-320fd6b elementor-widget elementor-widget-text-editor\" data-id=\"320fd6b\" data-element_type=\"widget\" data-widget_type=\"text-editor.default\">\n\t\t\t\t<div class=\"elementor-widget-container\">\n\t\t\t\t\t\t\t\t\t\n                    [cookie_audit_category columns=&#8221;cookie,description&#8221;]\n                \t\t\t\t\t\t\t\t<\/div>\n\t\t\t\t<\/div>\n\t\t\t\t\t<\/div>\n\t\t<\/div>\n\t\t\t\t\t<\/div>\n\t\t<\/section>\n\t\t\t\t<section class=\"elementor-section elementor-top-section elementor-element elementor-element-415f5d2 elementor-section-boxed elementor-section-height-default elementor-section-height-default\" data-id=\"415f5d2\" data-element_type=\"section\" data-settings=\"{&quot;background_background&quot;:&quot;classic&quot;}\">\n\t\t\t\t\t\t<div class=\"elementor-container elementor-column-gap-default\">\n\t\t\t\t\t<div class=\"elementor-column elementor-col-100 elementor-top-column elementor-element elementor-element-9d0a09b\" data-id=\"9d0a09b\" data-element_type=\"column\">\n\t\t\t<div class=\"elementor-widget-wrap elementor-element-populated\">\n\t\t\t\t\t\t<div class=\"elementor-element elementor-element-7505e71 elementor-widget elementor-widget-heading\" data-id=\"7505e71\" data-element_type=\"widget\" data-widget_type=\"heading.default\">\n\t\t\t\t<div class=\"elementor-widget-container\">\n\t\t\t\t\t<h2 class=\"elementor-heading-title elementor-size-default\">\n                    Comment puis-je contr\u00f4ler les pr\u00e9f\u00e9rences en mati\u00e8re de cookies\u00a0?\n                <\/h2>\t\t\t\t<\/div>\n\t\t\t\t<\/div>\n\t\t\t\t<div class=\"elementor-element elementor-element-01d7949 elementor-widget elementor-widget-text-editor\" data-id=\"01d7949\" data-element_type=\"widget\" data-widget_type=\"text-editor.default\">\n\t\t\t\t<div class=\"elementor-widget-container\">\n\t\t\t\t\t\t\t\t\t\n                    Vous pouvez g\u00e9rer vos pr\u00e9f\u00e9rences en mati\u00e8re de cookies en cliquant sur le bouton \u00ab\u00a0Configuration\u00a0\u00bb et en activant ou d\u00e9sactivant les cat\u00e9gories de cookies dans la fen\u00eatre contextuelle selon vos pr\u00e9f\u00e9rences.\n                \t\t\t\t\t\t\t\t<\/div>\n\t\t\t\t<\/div>\n\t\t\t\t<div class=\"elementor-element elementor-element-08a5797 elementor-widget elementor-widget-text-editor\" data-id=\"08a5797\" data-element_type=\"widget\" data-widget_type=\"text-editor.default\">\n\t\t\t\t<div class=\"elementor-widget-container\">\n\t\t\t\t\t\t\t\t\t\n                    Si vous d\u00e9cidez de modifier vos pr\u00e9f\u00e9rences ult\u00e9rieurement \u00e0 travers votre session de navigation, vous pouvez cliquer sur l&#8217;onglet \u00ab\u00a0Politique de confidentialit\u00e9 et en mati\u00e8re de cookies\u00a0\u00bb sur votre \u00e9cran. Cela affichera \u00e0 nouveau l&#8217;avis de consentement, vous permettant ainsi de modifier vos pr\u00e9f\u00e9rences ou de retirer enti\u00e8rement votre consentement.\n                \t\t\t\t\t\t\t\t<\/div>\n\t\t\t\t<\/div>\n\t\t\t\t<div class=\"elementor-element elementor-element-7ee8e75 elementor-widget elementor-widget-text-editor\" data-id=\"7ee8e75\" data-element_type=\"widget\" data-widget_type=\"text-editor.default\">\n\t\t\t\t<div class=\"elementor-widget-container\">\n\t\t\t\t\t\t\t\t\t\n                    De plus, diff\u00e9rents navigateurs fournissent diff\u00e9rentes m\u00e9thodes pour bloquer et \u00e9liminer les cookies utilis\u00e9s par les sites Web. Vous pouvez changer la configuration de votre navigateur pour bloquer\/\u00e9liminer les cookies. Pour en savoir plus sur l&#8217;administration et l&#8217;\u00e9limination des cookies, consultez wikipedia.org, www.allaboutcookies.org.\n                \t\t\t\t\t\t\t\t<\/div>\n\t\t\t\t<\/div>\n\t\t\t\t\t<\/div>\n\t\t<\/div>\n\t\t\t\t\t<\/div>\n\t\t<\/section>\n\t\t\t\t<section class=\"elementor-section elementor-top-section elementor-element elementor-element-b79550d elementor-hidden-desktop elementor-hidden-tablet elementor-hidden-mobile elementor-section-boxed elementor-section-height-default elementor-section-height-default\" data-id=\"b79550d\" data-element_type=\"section\" data-settings=\"{&quot;background_background&quot;:&quot;classic&quot;}\">\n\t\t\t\t\t\t\t<div class=\"elementor-background-overlay\"><\/div>\n\t\t\t\t\t\t\t<div class=\"elementor-container elementor-column-gap-no\">\n\t\t\t\t\t<div class=\"elementor-column elementor-col-100 elementor-top-column elementor-element elementor-element-46610bb\" data-id=\"46610bb\" data-element_type=\"column\">\n\t\t\t<div class=\"elementor-widget-wrap elementor-element-populated\">\n\t\t\t\t\t\t<div class=\"elementor-element elementor-element-e4cbc42 elementor-widget elementor-widget-heading\" data-id=\"e4cbc42\" data-element_type=\"widget\" data-widget_type=\"heading.default\">\n\t\t\t\t<div class=\"elementor-widget-container\">\n\t\t\t\t\t<h2 class=\"elementor-heading-title elementor-size-default\">\n                    Plan an Unforgettable Experience in Mykonos Today!\n\n                <\/h2>\t\t\t\t<\/div>\n\t\t\t\t<\/div>\n\t\t\t\t<div class=\"elementor-element elementor-element-56876de elementor-widget elementor-widget-text-editor\" data-id=\"56876de\" data-element_type=\"widget\" data-widget_type=\"text-editor.default\">\n\t\t\t\t<div class=\"elementor-widget-container\">\n\t\t\t\t\t\t\t\t\t\n                    We can help you fit your stay and experience within your allotted budget.\n\n\n                \t\t\t\t\t\t\t\t<\/div>\n\t\t\t\t<\/div>\n\t\t\t\t<div class=\"elementor-element elementor-element-702ff58 elementor-widget elementor-widget-heading\" data-id=\"702ff58\" data-element_type=\"widget\" data-widget_type=\"heading.default\">\n\t\t\t\t<div class=\"elementor-widget-container\">\n\t\t\t\t\t<p class=\"elementor-heading-title elementor-size-default\">\n                    Book Your Stay Now\n                <\/p>\t\t\t\t<\/div>\n\t\t\t\t<\/div>\n\t\t\t\t<div class=\"elementor-element elementor-element-442e4ac elementor-align-center elementor-icon-list--layout-traditional elementor-list-item-link-full_width elementor-widget elementor-widget-icon-list\" data-id=\"442e4ac\" data-element_type=\"widget\" data-widget_type=\"icon-list.default\">\n\t\t\t\t<div class=\"elementor-widget-container\">\n\t\t\t\t\t\t\t<ul class=\"elementor-icon-list-items\">\n\t\t\t\t\t\t\t<li class=\"elementor-icon-list-item\">\n\t\t\t\t\t\t\t\t\t\t\t<span class=\"elementor-icon-list-icon\">\n\t\t\t\t\t\t\t<i aria-hidden=\"true\" class=\"fas fa-phone-alt\"><\/i>\t\t\t\t\t\t<\/span>\n\t\t\t\t\t\t\t\t\t\t<span class=\"elementor-icon-list-text\">\n                    +1-123 456 7890\n                <\/span>\n\t\t\t\t\t\t\t\t\t<\/li>\n\t\t\t\t\t\t<\/ul>\n\t\t\t\t\t\t<\/div>\n\t\t\t\t<\/div>\n\t\t\t\t\t<\/div>\n\t\t<\/div>\n\t\t\t\t\t<\/div>\n\t\t<\/section>\n\t\t\t\t<\/div>\n\t\t","protected":false},"excerpt":{"rendered":"<p>Politique en mati\u00e8re de cookies Informations sur les cookies Cette Politique en mati\u00e8re de cookies explique ce que sont les cookies et de quelle mani\u00e8re nous les utilisons. Vous devez lire cette politique pour comprendre ce que sont les cookies, la mani\u00e8re dont nous les utilisons, les types de cookies que nous utilisons, les informations &hellip;<\/p>\n<p class=\"read-more\"> <a class=\"\" href=\"https:\/\/www.proturroquetashotelspa.com\/fr\/politique-en-matiere-de-cookies\/\"> <span class=\"screen-reader-text\">Politique en mati\u00e8re de cookies<\/span> Lire la suite\u00a0\u00bb<\/a><\/p>\n","protected":false},"author":1,"featured_media":0,"parent":0,"menu_order":0,"comment_status":"closed","ping_status":"closed","template":"elementor_header_footer","meta":{"site-sidebar-layout":"no-sidebar","site-content-layout":"page-builder","ast-main-header-display":"","ast-hfb-above-header-display":"","ast-hfb-below-header-display":"","ast-hfb-mobile-header-display":"","site-post-title":"disabled","ast-breadcrumbs-content":"","ast-featured-img":"disabled","footer-sml-layout":"","theme-transparent-header-meta":"enabled","adv-header-id-meta":"","stick-header-meta":"","header-above-stick-meta":"","header-main-stick-meta":"","header-below-stick-meta":"","footnotes":""},"class_list":["post-5947","page","type-page","status-publish","hentry"],"yoast_head":"<!-- This site is optimized with the Yoast SEO plugin v26.2 - https:\/\/yoast.com\/wordpress\/plugins\/seo\/ -->\n<title>Politique en matiere de Cookies | Protur Roquetas 5*<\/title>\n<meta name=\"robots\" content=\"index, follow, max-snippet:-1, max-image-preview:large, max-video-preview:-1\" \/>\n<link rel=\"canonical\" href=\"https:\/\/www.proturroquetashotelspa.com\/fr\/politique-en-matiere-de-cookies\/\" \/>\n<meta property=\"og:locale\" content=\"fr_FR\" \/>\n<meta property=\"og:type\" content=\"article\" \/>\n<meta property=\"og:title\" content=\"Politique en matiere de Cookies | Protur Roquetas 5*\" \/>\n<meta property=\"og:description\" content=\"Politique en mati\u00e8re de cookies Informations sur les cookies Cette Politique en mati\u00e8re de cookies explique ce que sont les cookies et de quelle mani\u00e8re nous les utilisons. Vous devez lire cette politique pour comprendre ce que sont les cookies, la mani\u00e8re dont nous les utilisons, les types de cookies que nous utilisons, les informations &hellip; Politique en mati\u00e8re de cookies Lire la suite\u00a0\u00bb\" \/>\n<meta property=\"og:url\" content=\"https:\/\/www.proturroquetashotelspa.com\/fr\/politique-en-matiere-de-cookies\/\" \/>\n<meta property=\"article:modified_time\" content=\"2022-05-31T14:47:47+00:00\" \/>\n<meta name=\"twitter:card\" content=\"summary_large_image\" \/>\n<meta name=\"twitter:label1\" content=\"Dur\u00e9e de lecture estim\u00e9e\" \/>\n\t<meta name=\"twitter:data1\" content=\"3 minutes\" \/>\n<script type=\"application\/ld+json\" class=\"yoast-schema-graph\">{\"@context\":\"https:\/\/schema.org\",\"@graph\":[{\"@type\":\"WebPage\",\"@id\":\"https:\/\/www.proturroquetashotelspa.com\/fr\/politique-en-matiere-de-cookies\/\",\"url\":\"https:\/\/www.proturroquetashotelspa.com\/fr\/politique-en-matiere-de-cookies\/\",\"name\":\"Politique en matiere de Cookies | Protur Roquetas 5*\",\"isPartOf\":{\"@id\":\"https:\/\/www.proturroquetashotelspa.com\/#website\"},\"datePublished\":\"2022-03-04T09:50:44+00:00\",\"dateModified\":\"2022-05-31T14:47:47+00:00\",\"breadcrumb\":{\"@id\":\"https:\/\/www.proturroquetashotelspa.com\/fr\/politique-en-matiere-de-cookies\/#breadcrumb\"},\"inLanguage\":\"fr-FR\",\"potentialAction\":[{\"@type\":\"ReadAction\",\"target\":[\"https:\/\/www.proturroquetashotelspa.com\/fr\/politique-en-matiere-de-cookies\/\"]}]},{\"@type\":\"BreadcrumbList\",\"@id\":\"https:\/\/www.proturroquetashotelspa.com\/fr\/politique-en-matiere-de-cookies\/#breadcrumb\",\"itemListElement\":[{\"@type\":\"ListItem\",\"position\":1,\"name\":\"Portada\",\"item\":\"https:\/\/www.proturroquetashotelspa.com\/fr\/\"},{\"@type\":\"ListItem\",\"position\":2,\"name\":\"Politique en mati\u00e8re de cookies\"}]},{\"@type\":\"WebSite\",\"@id\":\"https:\/\/www.proturroquetashotelspa.com\/#website\",\"url\":\"https:\/\/www.proturroquetashotelspa.com\/\",\"name\":\"\",\"description\":\"Roquetas website\",\"potentialAction\":[{\"@type\":\"SearchAction\",\"target\":{\"@type\":\"EntryPoint\",\"urlTemplate\":\"https:\/\/www.proturroquetashotelspa.com\/?s={search_term_string}\"},\"query-input\":{\"@type\":\"PropertyValueSpecification\",\"valueRequired\":true,\"valueName\":\"search_term_string\"}}],\"inLanguage\":\"fr-FR\"}]}<\/script>\n<!-- \/ Yoast SEO plugin. -->","yoast_head_json":{"title":"Politique en matiere de Cookies | Protur Roquetas 5*","robots":{"index":"index","follow":"follow","max-snippet":"max-snippet:-1","max-image-preview":"max-image-preview:large","max-video-preview":"max-video-preview:-1"},"canonical":"https:\/\/www.proturroquetashotelspa.com\/fr\/politique-en-matiere-de-cookies\/","og_locale":"fr_FR","og_type":"article","og_title":"Politique en matiere de Cookies | Protur Roquetas 5*","og_description":"Politique en mati\u00e8re de cookies Informations sur les cookies Cette Politique en mati\u00e8re de cookies explique ce que sont les cookies et de quelle mani\u00e8re nous les utilisons. Vous devez lire cette politique pour comprendre ce que sont les cookies, la mani\u00e8re dont nous les utilisons, les types de cookies que nous utilisons, les informations &hellip; Politique en mati\u00e8re de cookies Lire la suite\u00a0\u00bb","og_url":"https:\/\/www.proturroquetashotelspa.com\/fr\/politique-en-matiere-de-cookies\/","article_modified_time":"2022-05-31T14:47:47+00:00","twitter_card":"summary_large_image","twitter_misc":{"Dur\u00e9e de lecture estim\u00e9e":"3 minutes"},"schema":{"@context":"https:\/\/schema.org","@graph":[{"@type":"WebPage","@id":"https:\/\/www.proturroquetashotelspa.com\/fr\/politique-en-matiere-de-cookies\/","url":"https:\/\/www.proturroquetashotelspa.com\/fr\/politique-en-matiere-de-cookies\/","name":"Politique en matiere de Cookies | Protur Roquetas 5*","isPartOf":{"@id":"https:\/\/www.proturroquetashotelspa.com\/#website"},"datePublished":"2022-03-04T09:50:44+00:00","dateModified":"2022-05-31T14:47:47+00:00","breadcrumb":{"@id":"https:\/\/www.proturroquetashotelspa.com\/fr\/politique-en-matiere-de-cookies\/#breadcrumb"},"inLanguage":"fr-FR","potentialAction":[{"@type":"ReadAction","target":["https:\/\/www.proturroquetashotelspa.com\/fr\/politique-en-matiere-de-cookies\/"]}]},{"@type":"BreadcrumbList","@id":"https:\/\/www.proturroquetashotelspa.com\/fr\/politique-en-matiere-de-cookies\/#breadcrumb","itemListElement":[{"@type":"ListItem","position":1,"name":"Portada","item":"https:\/\/www.proturroquetashotelspa.com\/fr\/"},{"@type":"ListItem","position":2,"name":"Politique en mati\u00e8re de cookies"}]},{"@type":"WebSite","@id":"https:\/\/www.proturroquetashotelspa.com\/#website","url":"https:\/\/www.proturroquetashotelspa.com\/","name":"","description":"Roquetas website","potentialAction":[{"@type":"SearchAction","target":{"@type":"EntryPoint","urlTemplate":"https:\/\/www.proturroquetashotelspa.com\/?s={search_term_string}"},"query-input":{"@type":"PropertyValueSpecification","valueRequired":true,"valueName":"search_term_string"}}],"inLanguage":"fr-FR"}]}},"_links":{"self":[{"href":"https:\/\/www.proturroquetashotelspa.com\/fr\/wp-json\/wp\/v2\/pages\/5947","targetHints":{"allow":["GET"]}}],"collection":[{"href":"https:\/\/www.proturroquetashotelspa.com\/fr\/wp-json\/wp\/v2\/pages"}],"about":[{"href":"https:\/\/www.proturroquetashotelspa.com\/fr\/wp-json\/wp\/v2\/types\/page"}],"author":[{"embeddable":true,"href":"https:\/\/www.proturroquetashotelspa.com\/fr\/wp-json\/wp\/v2\/users\/1"}],"replies":[{"embeddable":true,"href":"https:\/\/www.proturroquetashotelspa.com\/fr\/wp-json\/wp\/v2\/comments?post=5947"}],"version-history":[{"count":1,"href":"https:\/\/www.proturroquetashotelspa.com\/fr\/wp-json\/wp\/v2\/pages\/5947\/revisions"}],"predecessor-version":[{"id":5948,"href":"https:\/\/www.proturroquetashotelspa.com\/fr\/wp-json\/wp\/v2\/pages\/5947\/revisions\/5948"}],"wp:attachment":[{"href":"https:\/\/www.proturroquetashotelspa.com\/fr\/wp-json\/wp\/v2\/media?parent=5947"}],"curies":[{"name":"wp","href":"https:\/\/api.w.org\/{rel}","templated":true}]}}